{"id":2,"date":"2020-03-02T11:35:44","date_gmt":"2020-03-02T10:35:44","guid":{"rendered":"\/wspolpraca\/?page_id=2"},"modified":"2021-03-03T12:34:43","modified_gmt":"2021-03-03T11:34:43","slug":"przykladowa-strona","status":"publish","type":"page","link":"\/wspolpraca\/","title":{"rendered":"Wsp\u00f3\u0142praca. Wok\u00f3\u0142 kompetencji przysz\u0142o\u015bci"},"content":{"rendered":"\n<div class=\"wp-block-group is-layout-flow wp-block-group-is-layout-flow\"><div class=\"wp-block-group__inner-container\"><\/div><\/div>\n\n\n\n<p>5 pa\u017adziernika 2020 roku, przedstawiciele i przedstawicielki<strong> sektora polityki spo\u0142ecznej i rynku pracy<\/strong> spotkali si\u0119 na drugiej konferencji online w ramach cyklu <strong>\u201eWsp\u00f3\u0142praca. Wok\u00f3\u0142 kompetencji przysz\u0142o\u015bci\u201d<\/strong>. By\u0142a to seria spotka\u0144 przedstawicieli ma\u0142opolskich sektor\u00f3w edukacji, polityki spo\u0142ecznej, kultury i rynku pracy.<\/p>\n\n\n\n<p>Pierwsze spotkanie po\u015bwi\u0119cone by\u0142o przede wszystkim kulturze i edukacji \u2013 <a href=\"\/wspolpraca\/czesc-1\/\">TUTAJ<\/a> znajd\u0105 Pa\u0144stwo zwi\u0105zane z nim materia\u0142y.&nbsp;<\/p>\n\n\n\n<p>Nie wiemy, jaka b\u0119dzie przysz\u0142o\u015b\u0107 \u2013 czy czeka nas regres? A mo\u017ce obecna sytuacja pandemii to szansa na rozw\u00f3j, na inne spojrzenie? Warunki, w kt\u00f3rych si\u0119 znale\u017ali\u015bmy, s\u0105 nietypowe i niespotykane. Do\u015bwiadczamy wielu strat, utracili\u015bmy cho\u0107by poczucie stabilizacji i pewno\u015bci kolejnych krok\u00f3w i dzia\u0142a\u0144. Zyskujemy za to do\u015bwiadczenie odnajdowania si\u0119 w zmianie oraz nowej wsp\u00f3\u0142pracy.<\/p>\n\n\n\n<p>By\u0142o to nietypowe spotkanie \u2013 <strong>konferencja w formule Open Space Technology<\/strong>, w ramach kt\u00f3rej o programie i podejmowanych tematach decydowali<strong> <\/strong>sami uczestnicy i uczestniczki. Celem konferencji by\u0142a wymiana do\u015bwiadcze\u0144, wiedzy i my\u015bli na temat wsp\u00f3\u0142pracy, kompetencji przysz\u0142o\u015bci i reakcji na zmian\u0119 w sektorach polityki spo\u0142ecznej i rynku pracy. Podj\u0119li\u015bmy tak\u017ce pr\u00f3b\u0119 okre\u015blenia kierunk\u00f3w dzia\u0142a\u0144, zbadali\u015bmy potrzeby i zobaczyli\u015bmy potencja\u0142, kt\u00f3rym wsp\u00f3lnie dysponujemy. <\/p>\n","protected":false},"excerpt":{"rendered":"<p>5 pa\u017adziernika 2020 roku, przedstawiciele i przedstawicielki sektora polityki spo\u0142ecznej i rynku pracy spotkali si\u0119 na drugiej konferencji online w ramach cyklu \u201eWsp\u00f3\u0142praca. Wok\u00f3\u0142 kompetencji przysz\u0142o\u015bci\u201d. By\u0142a to seria spotka\u0144 przedstawicieli ma\u0142opolskich sektor\u00f3w edukacji, polityki spo\u0142ecznej, kultury i rynku pracy. Pierwsze spotkanie po\u015bwi\u0119cone by\u0142o przede wszystkim kulturze i edukacji \u2013 TUTAJ znajd\u0105 Pa\u0144stwo zwi\u0105zane z [&hellip;]<\/p>\n","protected":false},"author":1,"featured_media":0,"parent":0,"menu_order":0,"comment_status":"closed","ping_status":"open","template":"","meta":{"footnotes":""},"acf":[],"_links":{"self":[{"href":"\/wspolpraca\/wp-json\/wp\/v2\/pages\/2"}],"collection":[{"href":"\/wspolpraca\/wp-json\/wp\/v2\/pages"}],"about":[{"href":"\/wspolpraca\/wp-json\/wp\/v2\/types\/page"}],"author":[{"embeddable":true,"href":"\/wspolpraca\/wp-json\/wp\/v2\/users\/1"}],"replies":[{"embeddable":true,"href":"\/wspolpraca\/wp-json\/wp\/v2\/comments?post=2"}],"version-history":[{"count":176,"href":"\/wspolpraca\/wp-json\/wp\/v2\/pages\/2\/revisions"}],"predecessor-version":[{"id":810,"href":"\/wspolpraca\/wp-json\/wp\/v2\/pages\/2\/revisions\/810"}],"wp:attachment":[{"href":"\/wspolpraca\/wp-json\/wp\/v2\/media?parent=2"}],"curies":[{"name":"wp","href":"https:\/\/api.w.org\/{rel}","templated":true}]}}